{"id":47,"date":"2017-09-22T17:46:13","date_gmt":"2017-09-22T17:46:13","guid":{"rendered":"https:\/\/labins.com.co\/labins\/?page_id=47"},"modified":"2021-05-31T21:51:18","modified_gmt":"2021-05-31T21:51:18","slug":"productos-promocionales","status":"publish","type":"page","link":"https:\/\/labins.com.co\/labins\/productos-promocionales\/","title":{"rendered":"Productos Promocionales"},"content":{"rendered":"\n<h2 class=\"wp-block-heading\">Jeringas desechables de dos partes<\/h2>\n\n\n\n<figure class=\"wp-block-image size-large\"><img loading=\"lazy\" decoding=\"async\" width=\"394\" height=\"312\" src=\"https:\/\/labins.com.co\/labins\/wp-content\/uploads\/2017\/09\/jeringas-dos-partes.png\" alt=\"\" class=\"wp-image-104\" srcset=\"https:\/\/labins.com.co\/labins\/wp-content\/uploads\/2017\/09\/jeringas-dos-partes.png 394w, https:\/\/labins.com.co\/labins\/wp-content\/uploads\/2017\/09\/jeringas-dos-partes-300x238.png 300w\" sizes=\"(max-width: 394px) 100vw, 394px\" \/><\/figure>\n\n\n\n<p>JERINGA HIPOD\u00c9RMICA DE DOS PARTES SIN AGUJA PARA USAR UNA SOLA VEZ: Dispositivo m\u00e9dico utilizado para extraer y suministrar sustancias o fluidos al organismo.<br>EMPAQUE<br>BLISTER INDIVIDUAL<br>Papel microporoso: elaborado con base en fibras vegetales, el cual permite la esterilizaci\u00f3n con gas ETO y constituye una barrera a bacterias y\/o microorganismos contaminantes.<br>Pel\u00edcula pl\u00e1stica: pel\u00edcula transparente, de alta resistencia fabricada con base en un laminado de Polipropileno + Polietileno .<br>Impresi\u00f3n: Color de la impresi\u00f3n Azul Reflex. El empaque lleva claramente impreso la referencia del producto, el n\u00famero de lote de fabricaci\u00f3n y la fecha de expiraci\u00f3n del producto y dem\u00e1s informaci\u00f3n requerida por las autoridades sanitarias.<br>Leng\u00fcetas: Comodidad con el dise\u00f1o del empaque que facilita su apertura en forma as\u00e9ptica (Peell Opening), libre de fibras.<\/p>\n\n\n\n<p><strong>TAMBI\u00c9N SE VENDE AL GRANEL, SIN EMPAQUE Y SIN ESTERILIZAR, PARA OTRAS APLICACIONES DE LA INDUSTRIA<\/strong><\/p>\n\n\n\n<h2 class=\"wp-block-heading\">HAMILTON: Jeringas para Cromatograf\u00eda<\/h2>\n\n\n\n<figure class=\"wp-block-image size-large\"><img loading=\"lazy\" decoding=\"async\" width=\"377\" height=\"242\" src=\"https:\/\/labins.com.co\/labins\/wp-content\/uploads\/2017\/09\/HAMILTON.jpg\" alt=\"\" class=\"wp-image-106\" srcset=\"https:\/\/labins.com.co\/labins\/wp-content\/uploads\/2017\/09\/HAMILTON.jpg 377w, https:\/\/labins.com.co\/labins\/wp-content\/uploads\/2017\/09\/HAMILTON-300x193.jpg 300w\" sizes=\"(max-width: 377px) 100vw, 377px\" \/><\/figure>\n\n\n\n<p>Gastight syringes are ideal for dispensing both liquids and gases. They have a precision-machined PTFE plunger tip which creates a leak-free seal. With the tight fit, the tip essentially wipes the interior of the syringe barrel free of sample. This feature is particularly useful with heterogeneous samples as it reduces the chance that a deposit will occur and cause the plunger to freeze.<\/p>\n\n\n\n<figure class=\"wp-block-table\"><table><tbody><tr><td>700 Series Syringes-Cemented Needle Syringes-HAMILTON<\/td><\/tr><tr><td>P\/N Volume Gauge Length Point Digital<\/td><\/tr><tr><td>87900 5 \u03bcL 26s ga 51 mm 2 Y<\/td><\/tr><tr><td>87919 5 \u03bcL 26s ga 51 mm 3 N<\/td><\/tr><tr><td>87908 5 \u03bcL 33 \u2013 18 ga 10 \u2013 304 mm 2, 3, 4, 5, AS N<\/td><\/tr><tr><td>80300 10 \u03bcL 26s ga 51 mm 2 Y<\/td><\/tr><tr><td>80339 10 \u03bcL 26s ga 51 mm 5 N<\/td><\/tr><tr><td>80350 10 \u03bcL 26s ga 70 mm 2 N<\/td><\/tr><tr><td>80365 10 \u03bcL 22s ga 51 mm 3 Y<\/td><\/tr><tr><td>80366 10 \u03bcL \u2013 6 pk 26s ga 51 mm 2 N<\/td><\/tr><tr><td>80383 10 \u03bcL 26s ga 51 mm 3 Y<\/td><\/tr><tr><td>80384 10 \u03bcL 26s ga 76 mm 2 N<\/td><\/tr><tr><td>80308 10 \u03bcL 33 \u2013 18 ga 10 \u2013 304 mm 2,3,4,5, AS N<\/td><\/tr><tr><td>80400 25 \u03bcL 22s ga 51 mm 2 Y<\/td><\/tr><tr><td>80439 25 \u03bcL 22s ga 51 mm 5 N<\/td><\/tr><tr><td>80465 25 \u03bcL 22s ga 51 mm 3 Y<\/td><\/tr><tr><td>80408 25 \u03bcL 33 \u2013 18 ga 10 \u2013 304 mm 2,3,4,5, AS N<\/td><\/tr><tr><td>80500 50 \u03bcL 22s ga 51 mm 2 Y<\/td><\/tr><tr><td>80521 50 \u03bcL 22 ga 51 mm 3 N<\/td><\/tr><tr><td>80539 50 \u03bcL 22s ga 51 mm 5 N<\/td><\/tr><tr><td>80565 50 \u03bcL 22s ga 51 mm 3 Y<\/td><\/tr><tr><td>80508 50 \u03bcL 33 \u2013 18 ga 10 \u2013 304 mm 2,3,4,5, AS N<\/td><\/tr><tr><td>80600 100 \u03bcL 22s ga 51 mm 2 Y<\/td><\/tr><tr><td>80621 100 \u03bcL 22 ga 51 mm 3 N<\/td><\/tr><tr><td>80639 100 \u03bcL 22s ga 51 mm 5 N<\/td><\/tr><tr><td>80665 100 \u03bcL 22s ga 51 mm 3 Y<\/td><\/tr><tr><td>80608 100 \u03bcL 33 \u2013 18 ga 10 \u2013 304 mm 2,3,4,5, AS N<\/td><\/tr><tr><td>80700 250 \u03bcL 22s ga 51 mm 2 Y<\/td><\/tr><tr><td>80739 250 \u03bcL 22 ga 51 mm 5 N<\/td><\/tr><tr><td>80765 250 \u03bcL 22 ga 51 mm 3 Y<\/td><\/tr><tr><td>80708 250 \u03bcL 33 \u2013 18 ga 10 \u2013 304 mm 2,3,4,5, AS N<\/td><\/tr><tr><td>80800 500 \u03bcL 22 ga 51 mm 2 Y<\/td><\/tr><tr><td>80839 500 \u03bcL 22 ga 51 mm 5 N<\/td><\/tr><tr><td>80865 500 \u03bcL 22 ga 51 mm 3 Y<\/td><\/tr><tr><td>80808 500 \u03bcL 33 \u2013 18 ga 10 \u2013 304 mm 2,3,4,5, AS N<\/td><\/tr><\/tbody><\/table><\/figure>\n","protected":false},"excerpt":{"rendered":"<p>Jeringas desechables de dos partes JERINGA HIPOD\u00c9RMICA DE DOS PARTES SIN AGUJA PARA USAR UNA SOLA VEZ: Dispositivo m\u00e9dico utilizado para extraer y suministrar sustancias o fluidos al organismo.EMPAQUEBLISTER INDIVIDUALPapel microporoso: elaborado con base en fibras vegetales, el cual permite la esterilizaci\u00f3n con gas ETO y constituye una barrera a [&hellip;]<\/p>\n","protected":false},"author":1,"featured_media":0,"parent":0,"menu_order":0,"comment_status":"closed","ping_status":"closed","template":"","meta":{"footnotes":""},"class_list":["post-47","page","type-page","status-publish","hentry"],"_links":{"self":[{"href":"https:\/\/labins.com.co\/labins\/wp-json\/wp\/v2\/pages\/47"}],"collection":[{"href":"https:\/\/labins.com.co\/labins\/wp-json\/wp\/v2\/pages"}],"about":[{"href":"https:\/\/labins.com.co\/labins\/wp-json\/wp\/v2\/types\/page"}],"author":[{"embeddable":true,"href":"https:\/\/labins.com.co\/labins\/wp-json\/wp\/v2\/users\/1"}],"replies":[{"embeddable":true,"href":"https:\/\/labins.com.co\/labins\/wp-json\/wp\/v2\/comments?post=47"}],"version-history":[{"count":7,"href":"https:\/\/labins.com.co\/labins\/wp-json\/wp\/v2\/pages\/47\/revisions"}],"predecessor-version":[{"id":218,"href":"https:\/\/labins.com.co\/labins\/wp-json\/wp\/v2\/pages\/47\/revisions\/218"}],"wp:attachment":[{"href":"https:\/\/labins.com.co\/labins\/wp-json\/wp\/v2\/media?parent=47"}],"curies":[{"name":"wp","href":"https:\/\/api.w.org\/{rel}","templated":true}]}}