{"id":8,"date":"2017-09-22T14:34:31","date_gmt":"2017-09-22T14:34:31","guid":{"rendered":"https:\/\/labins.com.co\/labins\/?page_id=8"},"modified":"2017-10-05T01:37:03","modified_gmt":"2017-10-05T01:37:03","slug":"productos-recomedados-labins","status":"publish","type":"page","link":"https:\/\/labins.com.co\/labins\/productos-recomedados-labins\/","title":{"rendered":"Productos Recomedados"},"content":{"rendered":"<h1 style=\"text-align: center;\">Cabina de Laboratorio<\/h1>\n<p style=\"text-align: center;\"><img loading=\"lazy\" decoding=\"async\" class=\"alignnone size-medium wp-image-100\" src=\"https:\/\/labins.com.co\/labins\/wp-content\/uploads\/2017\/09\/BBS-DDS-H1100-209x300.jpg\" alt=\"\" width=\"209\" height=\"300\" srcset=\"https:\/\/labins.com.co\/labins\/wp-content\/uploads\/2017\/09\/BBS-DDS-H1100-209x300.jpg 209w, https:\/\/labins.com.co\/labins\/wp-content\/uploads\/2017\/09\/BBS-DDS-H1100.jpg 240w\" sizes=\"(max-width: 209px) 100vw, 209px\" \/><\/p>\n\n<table id=\"tablepress-1\" class=\"tablepress tablepress-id-1\">\n<thead>\n<tr class=\"row-1 odd\">\n\t<th class=\"column-1\">ESPECIFICACIONES<\/th><th class=\"column-2\">BBS-H1100<\/th><th class=\"column-3\">BBS-H1800<\/th><th class=\"column-4\">&nbsp;<\/th><th class=\"column-5\">&nbsp;<\/th><th class=\"column-6\">&nbsp;<\/th>\n<\/tr>\n<\/thead>\n<tbody class=\"row-hover\">\n<tr class=\"row-2 even\">\n\t<td class=\"column-1\">Dimensiones Ext. (LxPxA) La altura incluye la base soporte (cm)<\/td><td class=\"column-2\">106x80x169<\/td><td class=\"column-3\">180\u00d782,5\u00d721<\/td><td class=\"column-4\"><\/td><td class=\"column-5\"><\/td><td class=\"column-6\"><\/td>\n<\/tr>\n<tr class=\"row-3 odd\">\n\t<td class=\"column-1\">Dimensiones Int. (LxPxA) cm<\/td><td class=\"column-2\">98 x 50 x 60<\/td><td class=\"column-3\">170 x 50 x 57<\/td><td class=\"column-4\"><\/td><td class=\"column-5\"><\/td><td class=\"column-6\"><\/td>\n<\/tr>\n<tr class=\"row-4 even\">\n\t<td class=\"column-1\">Cumplimiento de Normativas<\/td><td class=\"column-2\">Dise\u00f1ada y fabricada para cumplir los requisitos de: NSF 49, FDA, ISO 9001:2008, ISO 14001:2004, ISO 13485:2003<\/td><td class=\"column-3\"><\/td><td class=\"column-4\"><\/td><td class=\"column-5\"><\/td><td class=\"column-6\"><\/td>\n<\/tr>\n<tr class=\"row-5 odd\">\n\t<td class=\"column-1\">Velocidad del aire, ingreso por ventana<\/td><td class=\"column-2\">0.3 A 0.50 m\/s \u00f3 60 A 100 fpm<\/td><td class=\"column-3\"><\/td><td class=\"column-4\"><\/td><td class=\"column-5\"><\/td><td class=\"column-6\"><\/td>\n<\/tr>\n<tr class=\"row-6 even\">\n\t<td class=\"column-1\"><\/td><td class=\"column-2\"><\/td><td class=\"column-3\"><\/td><td class=\"column-4\">Filtros<\/td><td class=\"column-5\">Filtro HEPA de eficiencia del 99,999%, retiene part\u00edculas desde 0,3 micras<\/td><td class=\"column-6\"><\/td>\n<\/tr>\n<tr class=\"row-7 odd\">\n\t<td class=\"column-1\">Nivel de ruido<\/td><td class=\"column-2\"><60 dBA<\/td><td class=\"column-3\"><\/td><td class=\"column-4\"><\/td><td class=\"column-5\"><\/td><td class=\"column-6\"><\/td>\n<\/tr>\n<tr class=\"row-8 even\">\n\t<td class=\"column-1\">Prefiltros<\/td><td class=\"column-2\">En fibra de poli\u00e9ste<\/td><td class=\"column-3\"><\/td><td class=\"column-4\"><\/td><td class=\"column-5\"><\/td><td class=\"column-6\"><\/td>\n<\/tr>\n<tr class=\"row-9 odd\">\n\t<td class=\"column-1\">Motor.<\/td><td class=\"column-2\">Ventilador centr\u00edfugo, de velocidad ajustable<\/td><td class=\"column-3\"><\/td><td class=\"column-4\"><\/td><td class=\"column-5\"><\/td><td class=\"column-6\"><\/td>\n<\/tr>\n<tr class=\"row-10 even\">\n\t<td class=\"column-1\">Ventana de la cabina<\/td><td class=\"column-2\">Vidrio de seguridad de 5mm, protecci\u00f3n UV.<\/td><td class=\"column-3\"><\/td><td class=\"column-4\"><\/td><td class=\"column-5\"><\/td><td class=\"column-6\"><\/td>\n<\/tr>\n<tr class=\"row-11 odd\">\n\t<td class=\"column-1\">Ventana frontal<\/td><td class=\"column-2\">xxx<\/td><td class=\"column-3\">Altura graduable motorizada, control remoto<\/td><td class=\"column-4\"><\/td><td class=\"column-5\"><\/td><td class=\"column-6\"><\/td>\n<\/tr>\n<tr class=\"row-12 even\">\n\t<td class=\"column-1\">Superficie de trabajo<\/td><td class=\"column-2\">En acero inoxidable.<\/td><td class=\"column-3\"><\/td><td class=\"column-4\"><\/td><td class=\"column-5\"><\/td><td class=\"column-6\"><\/td>\n<\/tr>\n<tr class=\"row-13 odd\">\n\t<td class=\"column-1\">Construcci\u00f3n<\/td><td class=\"column-2\">Acero de cold-roll, con pintura ep\u00f3xica de alta resistencia y tratamiento anti-bacterial, resistente a agentes qu\u00edmicos<\/td><td class=\"column-3\"><\/td><td class=\"column-4\"><\/td><td class=\"column-5\"><\/td><td class=\"column-6\"><\/td>\n<\/tr>\n<tr class=\"row-14 even\">\n\t<td class=\"column-1\">Accesorios.<\/td><td class=\"column-2\">L\u00e1mpara de luz d\u00eda, l\u00e1mpara de luz UV, llave para gas o agua, y base est\u00e1ndar (BBS-H1800: Control remoto)<\/td><td class=\"column-3\"><\/td><td class=\"column-4\"><\/td><td class=\"column-5\"><\/td><td class=\"column-6\"><\/td>\n<\/tr>\n<tr class=\"row-15 odd\">\n\t<td class=\"column-1\">Fuente de alimentaci\u00f3n.<\/td><td class=\"column-2\">AC110~240V, 50\/60 Hz<\/td><td class=\"column-3\"><\/td><td class=\"column-4\"><\/td><td class=\"column-5\"><\/td><td class=\"column-6\"><\/td>\n<\/tr>\n<\/tbody>\n<\/table>\n<!-- #tablepress-1 from cache -->\n","protected":false},"excerpt":{"rendered":"<p>Cabina de Laboratorio<\/p>\n","protected":false},"author":1,"featured_media":0,"parent":0,"menu_order":0,"comment_status":"closed","ping_status":"closed","template":"","meta":{"footnotes":""},"class_list":["post-8","page","type-page","status-publish","hentry"],"_links":{"self":[{"href":"https:\/\/labins.com.co\/labins\/wp-json\/wp\/v2\/pages\/8"}],"collection":[{"href":"https:\/\/labins.com.co\/labins\/wp-json\/wp\/v2\/pages"}],"about":[{"href":"https:\/\/labins.com.co\/labins\/wp-json\/wp\/v2\/types\/page"}],"author":[{"embeddable":true,"href":"https:\/\/labins.com.co\/labins\/wp-json\/wp\/v2\/users\/1"}],"replies":[{"embeddable":true,"href":"https:\/\/labins.com.co\/labins\/wp-json\/wp\/v2\/comments?post=8"}],"version-history":[{"count":12,"href":"https:\/\/labins.com.co\/labins\/wp-json\/wp\/v2\/pages\/8\/revisions"}],"predecessor-version":[{"id":197,"href":"https:\/\/labins.com.co\/labins\/wp-json\/wp\/v2\/pages\/8\/revisions\/197"}],"wp:attachment":[{"href":"https:\/\/labins.com.co\/labins\/wp-json\/wp\/v2\/media?parent=8"}],"curies":[{"name":"wp","href":"https:\/\/api.w.org\/{rel}","templated":true}]}}